{"id":7,"date":"2026-03-05T17:32:07","date_gmt":"2026-03-05T17:32:07","guid":{"rendered":"https:\/\/www.252design.com.tr\/?page_id=7"},"modified":"2026-03-05T18:31:30","modified_gmt":"2026-03-05T18:31:30","slug":"7-2","status":"publish","type":"page","link":"https:\/\/www.252design.com.tr\/","title":{"rendered":"Sitemiz Yap\u0131m A\u015famas\u0131nda"},"content":{"rendered":"<p><img loading=\"lazy\" decoding=\"async\" width=\"1024\" height=\"576\" src=\"http:\/\/www.252design.com.tr\/wp-content\/uploads\/2026\/03\/WEB_BAKIM_01-1024x576.jpg\" alt=\"\" srcset=\"https:\/\/www.252design.com.tr\/wp-content\/uploads\/2026\/03\/WEB_BAKIM_01-1024x576.jpg 1024w, https:\/\/www.252design.com.tr\/wp-content\/uploads\/2026\/03\/WEB_BAKIM_01-300x169.jpg 300w, https:\/\/www.252design.com.tr\/wp-content\/uploads\/2026\/03\/WEB_BAKIM_01-768x432.jpg 768w, https:\/\/www.252design.com.tr\/wp-content\/uploads\/2026\/03\/WEB_BAKIM_01-1536x864.jpg 1536w, https:\/\/www.252design.com.tr\/wp-content\/uploads\/2026\/03\/WEB_BAKIM_01-2048x1152.jpg 2048w\" sizes=\"auto, (max-width: 1024px) 100vw, 1024px\" \/>\t\t\t\t\t\t\t\t\t\t\t\t\t\t\t\t\t\t\t\t\t\t\t\t\t\t<img loading=\"lazy\" decoding=\"async\" width=\"576\" height=\"1024\" src=\"http:\/\/www.252design.com.tr\/wp-content\/uploads\/2026\/03\/WEB_BAKIM_02-576x1024.jpg\" alt=\"\" srcset=\"https:\/\/www.252design.com.tr\/wp-content\/uploads\/2026\/03\/WEB_BAKIM_02-576x1024.jpg 576w, https:\/\/www.252design.com.tr\/wp-content\/uploads\/2026\/03\/WEB_BAKIM_02-169x300.jpg 169w, https:\/\/www.252design.com.tr\/wp-content\/uploads\/2026\/03\/WEB_BAKIM_02-768x1365.jpg 768w, https:\/\/www.252design.com.tr\/wp-content\/uploads\/2026\/03\/WEB_BAKIM_02-864x1536.jpg 864w, https:\/\/www.252design.com.tr\/wp-content\/uploads\/2026\/03\/WEB_BAKIM_02-1152x2048.jpg 1152w, https:\/\/www.252design.com.tr\/wp-content\/uploads\/2026\/03\/WEB_BAKIM_02-scaled.jpg 1440w\" sizes=\"auto, (max-width: 576px) 100vw, 576px\" \/><\/p>\n","protected":false},"excerpt":{"rendered":"","protected":false},"author":1,"featured_media":0,"parent":0,"menu_order":0,"comment_status":"closed","ping_status":"closed","template":"","meta":{"footnotes":""},"class_list":["post-7","page","type-page","status-publish","hentry"],"_links":{"self":[{"href":"https:\/\/www.252design.com.tr\/index.php\/wp-json\/wp\/v2\/pages\/7","targetHints":{"allow":["GET"]}}],"collection":[{"href":"https:\/\/www.252design.com.tr\/index.php\/wp-json\/wp\/v2\/pages"}],"about":[{"href":"https:\/\/www.252design.com.tr\/index.php\/wp-json\/wp\/v2\/types\/page"}],"author":[{"embeddable":true,"href":"https:\/\/www.252design.com.tr\/index.php\/wp-json\/wp\/v2\/users\/1"}],"replies":[{"embeddable":true,"href":"https:\/\/www.252design.com.tr\/index.php\/wp-json\/wp\/v2\/comments?post=7"}],"version-history":[{"count":9,"href":"https:\/\/www.252design.com.tr\/index.php\/wp-json\/wp\/v2\/pages\/7\/revisions"}],"predecessor-version":[{"id":18,"href":"https:\/\/www.252design.com.tr\/index.php\/wp-json\/wp\/v2\/pages\/7\/revisions\/18"}],"wp:attachment":[{"href":"https:\/\/www.252design.com.tr\/index.php\/wp-json\/wp\/v2\/media?parent=7"}],"curies":[{"name":"wp","href":"https:\/\/api.w.org\/{rel}","templated":true}]}}